{"id":647,"date":"2025-05-09T10:19:15","date_gmt":"2025-05-09T10:19:15","guid":{"rendered":"https:\/\/xeoos.de\/?page_id=647"},"modified":"2026-02-16T20:40:02","modified_gmt":"2026-02-16T20:40:02","slug":"impressum","status":"publish","type":"page","link":"https:\/\/xeoos.de\/en\/impressum\/","title":{"rendered":"Imprint"},"content":{"rendered":"<div data-elementor-type=\"wp-page\" data-elementor-id=\"647\" class=\"elementor elementor-647\" data-elementor-post-type=\"page\">\n\t\t\t\t<div class=\"elementor-element elementor-element-5012c90 e-flex e-con-boxed e-con e-parent\" data-id=\"5012c90\" data-element_type=\"container\" data-e-type=\"container\">\n\t\t\t\t\t<div class=\"e-con-inner\">\n\t\t\t\t<div class=\"elementor-element elementor-element-9dfe814 elementor-widget elementor-widget-heading\" data-id=\"9dfe814\" data-element_type=\"widget\" data-e-type=\"widget\" data-widget_type=\"heading.default\">\n\t\t\t\t<div class=\"elementor-widget-container\">\n\t\t\t\t\t<h2 class=\"elementor-heading-title elementor-size-default\">Disclaimer<\/h2>\t\t\t\t<\/div>\n\t\t\t\t<\/div>\n\t\t\t\t\t<\/div>\n\t\t\t\t<\/div>\n\t\t<div class=\"elementor-element elementor-element-241813d e-flex e-con-boxed e-con e-parent\" data-id=\"241813d\" data-element_type=\"container\" data-e-type=\"container\">\n\t\t\t\t\t<div class=\"e-con-inner\">\n\t\t<div class=\"elementor-element elementor-element-b08502f e-con-full e-flex e-con e-child\" data-id=\"b08502f\" data-element_type=\"container\" data-e-type=\"container\">\n\t\t\t\t<div class=\"elementor-element elementor-element-d4c02d4 elementor-widget elementor-widget-text-editor\" data-id=\"d4c02d4\" data-element_type=\"widget\" data-e-type=\"widget\" data-widget_type=\"text-editor.default\">\n\t\t\t\t<div class=\"elementor-widget-container\">\n\t\t\t\t\t\t\t\t\t<div class=\"csc-header csc-header-n2\"><div class=\"csc-header csc-header-n2\"><p><strong>According to \u00a7 5 TMG<\/strong><\/p><p class=\" translation-block\">xeoos GmbH\nBahnhofstra\u00dfe 2\n35116 Reddighausen, City of Hatzfeld, Germany<\/p><p><strong>Represented by<\/strong><\/p><p class=\" translation-block\">Dipl. Businessman Francisco Jos\u00e9 Manr\u00edquez-Affeld\n(CEO\/Managing Director)<\/p><p><strong>Contact<\/strong><\/p><p class=\" translation-block\">Telephone: 0 64 52 \/ 92 988-0\nFax: 0 64 52 \/ 92 988-20\nEmail:\u00a0info@xeoos.de<\/p><p><strong>Register entry<\/strong><\/p><p class=\" translation-block\">Registration in the commercial register.\nRegistration court: Marburg \/ Lahn\nRegistration number: HRB 6951<\/p><p><strong>Value added tax<\/strong><\/p><p>Umsatzsteuer-Identifikationsnummer gem\u00e4\u00df \u00a7 27 a Umsatzsteuergesetz:<br \/><!--StartFragment--><span data-olk-copy-source=\"MessageBody\">DE815707788<\/span><!--EndFragment--><\/p><p><strong>Dispute resolution<\/strong><\/p><p>We are not willing or obliged to take part in dispute resolution proceedings before a consumer arbitration board.<\/p><\/div><\/div>\t\t\t\t\t\t\t\t<\/div>\n\t\t\t\t<\/div>\n\t\t\t\t<\/div>\n\t\t<div class=\"elementor-element elementor-element-8957063 e-con-full e-flex e-con e-child\" data-id=\"8957063\" data-element_type=\"container\" data-e-type=\"container\">\n\t\t\t\t<div class=\"elementor-element elementor-element-36092b3 elementor-widget elementor-widget-text-editor\" data-id=\"36092b3\" data-element_type=\"widget\" data-e-type=\"widget\" data-widget_type=\"text-editor.default\">\n\t\t\t\t<div class=\"elementor-widget-container\">\n\t\t\t\t\t\t\t\t\t<div class=\"csc-header csc-header-n3\"><p><strong>Liability for content<\/strong><\/p><p>As a service provider, we are responsible for our own content on these pages in accordance with general laws in accordance with Section 7 Paragraph 1 TMG.\u00a0However, according to Sections 8 to 10 TMG, as a service provider we are not obliged to monitor transmitted or stored third-party information or to investigate circumstances that indicate illegal activity.<\/p><p>Obligations to remove or block the use of information in accordance with general law remain unaffected.\u00a0However, liability in this regard is only possible from the time of knowledge of a specific legal violation.\u00a0If we become aware of any corresponding legal violations, we will immediately remove this content.<\/p><p><strong>Liability for links<\/strong><\/p><p>Our offer contains links to external third-party websites over whose content we have no influence.\u00a0We therefore cannot assume any liability for this external content.\u00a0The respective provider or operator of the pages is always responsible for the content of the linked pages.\u00a0The linked pages were checked for possible legal violations at the time of linking.\u00a0Illegal content was not apparent at the time of linking.<\/p><p>However, permanent control of the content of the linked pages is unreasonable without concrete evidence of a legal violation.\u00a0If we become aware of any legal violations, we will immediately remove such links.<\/p><p><strong>Copyright<\/strong><\/p><p>The content and works on these pages created by the site operators are subject to German copyright law.\u00a0Reproduction, processing, distribution and any kind of exploitation outside the limits of copyright law require the written consent of the respective author or creator.\u00a0Downloads and copies of this page are only permitted for private, non-commercial use.<\/p><p>If the content on this site was not created by the operator, the copyrights of third parties are respected.\u00a0In particular contents of third parties are marked as such.\u00a0Should you nevertheless become aware of a copyright infringement, we ask that you notify us accordingly.\u00a0If we become aware of any legal violations, we will immediately remove such content.<\/p><\/div>\t\t\t\t\t\t\t\t<\/div>\n\t\t\t\t<\/div>\n\t\t\t\t<\/div>\n\t\t\t\t\t<\/div>\n\t\t\t\t<\/div>\n\t\t\t\t<\/div>","protected":false},"excerpt":{"rendered":"<p>Haftungsausschluss Angaben gem\u00e4\u00df \u00a7 5 TMG xeoos GmbHBahnhofstra\u00dfe 235116 Reddighausen, Stadt Hatzfeld, Deutschland Vertreten durch Dipl.-Kaufmann Francisco Jos\u00e9 Manr\u00edquez-Affeld(CEO\/Gesch\u00e4ftsf\u00fchrer) Kontakt Telefon: 0 64 52 \/ 92 988-0Telefax: 0 64 52 \/ 92 988-20E-Mail:\u00a0info(at)xeoos.de Registereintrag Eintragung im Handelsregister.Registergericht: Marburg \/ LahnRegisternummer: HRB 6951 Umsatzsteuer Umsatzsteuer-Identifikationsnummer gem\u00e4\u00df \u00a7 27 a Umsatzsteuergesetz:DE815707788 Streitbeilegung Wir sind nicht bereit oder [&hellip;]<\/p>\n","protected":false},"author":1,"featured_media":0,"parent":0,"menu_order":0,"comment_status":"closed","ping_status":"closed","template":"","meta":{"footnotes":""},"class_list":["post-647","page","type-page","status-publish","hentry"],"_links":{"self":[{"href":"https:\/\/xeoos.de\/en\/wp-json\/wp\/v2\/pages\/647","targetHints":{"allow":["GET"]}}],"collection":[{"href":"https:\/\/xeoos.de\/en\/wp-json\/wp\/v2\/pages"}],"about":[{"href":"https:\/\/xeoos.de\/en\/wp-json\/wp\/v2\/types\/page"}],"author":[{"embeddable":true,"href":"https:\/\/xeoos.de\/en\/wp-json\/wp\/v2\/users\/1"}],"replies":[{"embeddable":true,"href":"https:\/\/xeoos.de\/en\/wp-json\/wp\/v2\/comments?post=647"}],"version-history":[{"count":25,"href":"https:\/\/xeoos.de\/en\/wp-json\/wp\/v2\/pages\/647\/revisions"}],"predecessor-version":[{"id":2658,"href":"https:\/\/xeoos.de\/en\/wp-json\/wp\/v2\/pages\/647\/revisions\/2658"}],"wp:attachment":[{"href":"https:\/\/xeoos.de\/en\/wp-json\/wp\/v2\/media?parent=647"}],"curies":[{"name":"wp","href":"https:\/\/api.w.org\/{rel}","templated":true}]}}